{"id":1364,"date":"2021-09-22T03:55:46","date_gmt":"2021-09-22T03:55:46","guid":{"rendered":"https:\/\/afbcompucenter.com\/blog\/?post_type=product&#038;p=1364"},"modified":"2025-08-28T21:12:47","modified_gmt":"2025-08-28T21:12:47","slug":"%e2%80%8btest-de-personalidad-de-los-16-factores-de-cattell-16-pf-automatizado-version-2022-super-completo","status":"publish","type":"product","link":"https:\/\/afbcompucenter.com\/blog\/producto\/%e2%80%8btest-de-personalidad-de-los-16-factores-de-cattell-16-pf-automatizado-version-2022-super-completo\/","title":{"rendered":"\u200bTest de personalidad de los 16 factores de Cattell (16 PF) Automatizado Versi\u00f3n 2022 S\u00faper Completo"},"content":{"rendered":"","protected":false},"excerpt":{"rendered":"<p>Software automatizado para aplicar el \u200bTest de personalidad de los 16 factores de Cattell (16 PF) + Plantilla de evaluaci\u00f3n e interpretaci\u00f3n automatizada. Incluye test automatizado y gr\u00e1ficos.<\/p>\n<p><a href=\"https:\/\/afbcompucenter.com\/blog\/wp-content\/uploads\/2022\/06\/Reporte-de-ejemplo-16PF-automatizado-en-excel-AFB-Solutions.pdf\"><strong>Descargar ejemplo del reporte<\/strong><\/a><\/p>\n","protected":false},"featured_media":1268,"comment_status":"open","ping_status":"closed","template":"","meta":{"spay_email":""},"product_cat":[91,89,87,92,90,88],"product_tag":[],"acf":[],"yoast_head":"<!-- This site is optimized with the Yoast SEO plugin v16.7 - https:\/\/yoast.com\/wordpress\/plugins\/seo\/ -->\n<meta name=\"description\" content=\"El test de personalidad de 16 factores de Cattell tiene como objetivo principal describir las distintas personalidades de la poblaci\u00f3n mediante un an\u00e1lisis factorial.\" \/>\n<meta name=\"robots\" content=\"index, follow, max-snippet:-1, max-image-preview:large, max-video-preview:-1\" \/>\n<link rel=\"canonical\" href=\"https:\/\/afbcompucenter.com\/blog\/producto\/\u200btest-de-personalidad-de-los-16-factores-de-cattell-16-pf-automatizado-version-2022-super-completo\/\" \/>\n<meta property=\"og:locale\" content=\"es_ES\" \/>\n<meta property=\"og:type\" content=\"article\" \/>\n<meta property=\"og:title\" content=\"\u200bTest de personalidad de los 16 factores de Cattell (16 PF) Automatizado Versi\u00f3n 2022 S\u00faper Completo - AFB Solutions BLOG\" \/>\n<meta property=\"og:description\" content=\"El test de personalidad de 16 factores de Cattell tiene como objetivo principal describir las distintas personalidades de la poblaci\u00f3n mediante un an\u00e1lisis factorial.\" \/>\n<meta property=\"og:url\" content=\"https:\/\/afbcompucenter.com\/blog\/producto\/\u200btest-de-personalidad-de-los-16-factores-de-cattell-16-pf-automatizado-version-2022-super-completo\/\" \/>\n<meta property=\"og:site_name\" content=\"AFB Solutions BLOG\" \/>\n<meta property=\"article:publisher\" content=\"https:\/\/www.facebook.com\/AFBCompucenter\" \/>\n<meta property=\"article:modified_time\" content=\"2025-08-28T21:12:47+00:00\" \/>\n<meta property=\"og:image\" content=\"https:\/\/afbcompucenter.com\/blog\/wp-content\/uploads\/2021\/06\/test-16pf-personalidad-automatizado-instalador-windows-afb-solutions.jpg\" \/>\n\t<meta property=\"og:image:width\" content=\"626\" \/>\n\t<meta property=\"og:image:height\" content=\"626\" \/>\n<meta name=\"twitter:card\" content=\"summary_large_image\" \/>\n<meta name=\"twitter:site\" content=\"@afbcompucenter\" \/>\n<script type=\"application\/ld+json\" class=\"yoast-schema-graph\">{\"@context\":\"https:\/\/schema.org\",\"@graph\":[{\"@type\":\"Organization\",\"@id\":\"https:\/\/afbcompucenter.com\/blog\/#organization\",\"name\":\"AFB Solutions\",\"url\":\"https:\/\/afbcompucenter.com\/blog\/\",\"sameAs\":[\"https:\/\/www.facebook.com\/AFBCompucenter\",\"https:\/\/www.instagram.com\/afbsolutions\/\",\"https:\/\/www.linkedin.com\/company\/afbsolutions\",\"https:\/\/twitter.com\/afbcompucenter\"],\"logo\":{\"@type\":\"ImageObject\",\"@id\":\"https:\/\/afbcompucenter.com\/blog\/#logo\",\"inLanguage\":\"es\",\"url\":\"https:\/\/afbcompucenter.com\/blog\/wp-content\/uploads\/2025\/03\/afb-solutions-blog-R.png\",\"contentUrl\":\"https:\/\/afbcompucenter.com\/blog\/wp-content\/uploads\/2025\/03\/afb-solutions-blog-R.png\",\"width\":544,\"height\":180,\"caption\":\"AFB Solutions\"},\"image\":{\"@id\":\"https:\/\/afbcompucenter.com\/blog\/#logo\"}},{\"@type\":\"WebSite\",\"@id\":\"https:\/\/afbcompucenter.com\/blog\/#website\",\"url\":\"https:\/\/afbcompucenter.com\/blog\/\",\"name\":\"AFB Solutions BLOG\",\"description\":\"Haciendo que sus ideas viajen\",\"publisher\":{\"@id\":\"https:\/\/afbcompucenter.com\/blog\/#organization\"},\"potentialAction\":[{\"@type\":\"SearchAction\",\"target\":{\"@type\":\"EntryPoint\",\"urlTemplate\":\"https:\/\/afbcompucenter.com\/blog\/?s={search_term_string}\"},\"query-input\":\"required name=search_term_string\"}],\"inLanguage\":\"es\"},{\"@type\":\"ImageObject\",\"@id\":\"https:\/\/afbcompucenter.com\/blog\/producto\/%e2%80%8btest-de-personalidad-de-los-16-factores-de-cattell-16-pf-automatizado-version-2022-super-completo\/#primaryimage\",\"inLanguage\":\"es\",\"url\":\"https:\/\/afbcompucenter.com\/blog\/wp-content\/uploads\/2021\/06\/test-16pf-personalidad-automatizado-instalador-windows-afb-solutions.jpg\",\"contentUrl\":\"https:\/\/afbcompucenter.com\/blog\/wp-content\/uploads\/2021\/06\/test-16pf-personalidad-automatizado-instalador-windows-afb-solutions.jpg\",\"width\":626,\"height\":626},{\"@type\":\"WebPage\",\"@id\":\"https:\/\/afbcompucenter.com\/blog\/producto\/%e2%80%8btest-de-personalidad-de-los-16-factores-de-cattell-16-pf-automatizado-version-2022-super-completo\/#webpage\",\"url\":\"https:\/\/afbcompucenter.com\/blog\/producto\/%e2%80%8btest-de-personalidad-de-los-16-factores-de-cattell-16-pf-automatizado-version-2022-super-completo\/\",\"name\":\"\\u200bTest de personalidad de los 16 factores de Cattell (16 PF) Automatizado Versi\\u00f3n 2022 S\\u00faper Completo - AFB Solutions BLOG\",\"isPartOf\":{\"@id\":\"https:\/\/afbcompucenter.com\/blog\/#website\"},\"primaryImageOfPage\":{\"@id\":\"https:\/\/afbcompucenter.com\/blog\/producto\/%e2%80%8btest-de-personalidad-de-los-16-factores-de-cattell-16-pf-automatizado-version-2022-super-completo\/#primaryimage\"},\"datePublished\":\"2021-09-22T03:55:46+00:00\",\"dateModified\":\"2025-08-28T21:12:47+00:00\",\"description\":\"El test de personalidad de 16 factores de Cattell tiene como objetivo principal describir las distintas personalidades de la poblaci\\u00f3n mediante un an\\u00e1lisis factorial.\",\"breadcrumb\":{\"@id\":\"https:\/\/afbcompucenter.com\/blog\/producto\/%e2%80%8btest-de-personalidad-de-los-16-factores-de-cattell-16-pf-automatizado-version-2022-super-completo\/#breadcrumb\"},\"inLanguage\":\"es\",\"potentialAction\":[{\"@type\":\"ReadAction\",\"target\":[\"https:\/\/afbcompucenter.com\/blog\/producto\/%e2%80%8btest-de-personalidad-de-los-16-factores-de-cattell-16-pf-automatizado-version-2022-super-completo\/\"]}]},{\"@type\":\"BreadcrumbList\",\"@id\":\"https:\/\/afbcompucenter.com\/blog\/producto\/%e2%80%8btest-de-personalidad-de-los-16-factores-de-cattell-16-pf-automatizado-version-2022-super-completo\/#breadcrumb\",\"itemListElement\":[{\"@type\":\"ListItem\",\"position\":1,\"name\":\"Portada\",\"item\":\"https:\/\/afbcompucenter.com\/blog\/\"},{\"@type\":\"ListItem\",\"position\":2,\"name\":\"Tienda\",\"item\":\"https:\/\/afbcompucenter.com\/blog\/tienda\/\"},{\"@type\":\"ListItem\",\"position\":3,\"name\":\"\\u200bTest de personalidad de los 16 factores de Cattell (16 PF) Automatizado Versi\\u00f3n 2022 S\\u00faper Completo\"}]}]}<\/script>\n<!-- \/ Yoast SEO plugin. -->","yoast_head_json":{"description":"El test de personalidad de 16 factores de Cattell tiene como objetivo principal describir las distintas personalidades de la poblaci\u00f3n mediante un an\u00e1lisis factorial.","robots":{"index":"index","follow":"follow","max-snippet":"max-snippet:-1","max-image-preview":"max-image-preview:large","max-video-preview":"max-video-preview:-1"},"canonical":"https:\/\/afbcompucenter.com\/blog\/producto\/\u200btest-de-personalidad-de-los-16-factores-de-cattell-16-pf-automatizado-version-2022-super-completo\/","og_locale":"es_ES","og_type":"article","og_title":"\u200bTest de personalidad de los 16 factores de Cattell (16 PF) Automatizado Versi\u00f3n 2022 S\u00faper Completo - AFB Solutions BLOG","og_description":"El test de personalidad de 16 factores de Cattell tiene como objetivo principal describir las distintas personalidades de la poblaci\u00f3n mediante un an\u00e1lisis factorial.","og_url":"https:\/\/afbcompucenter.com\/blog\/producto\/\u200btest-de-personalidad-de-los-16-factores-de-cattell-16-pf-automatizado-version-2022-super-completo\/","og_site_name":"AFB Solutions BLOG","article_publisher":"https:\/\/www.facebook.com\/AFBCompucenter","article_modified_time":"2025-08-28T21:12:47+00:00","og_image":[{"width":626,"height":626,"url":"https:\/\/afbcompucenter.com\/blog\/wp-content\/uploads\/2021\/06\/test-16pf-personalidad-automatizado-instalador-windows-afb-solutions.jpg","path":"\/home\/luqkdwse\/public_html\/sitios\/afbcompucenter.com\/blog\/wp-content\/uploads\/2021\/06\/test-16pf-personalidad-automatizado-instalador-windows-afb-solutions.jpg","size":"full","id":1268,"alt":"","pixels":391876,"type":"image\/jpeg"}],"twitter_card":"summary_large_image","twitter_site":"@afbcompucenter","schema":{"@context":"https:\/\/schema.org","@graph":[{"@type":"Organization","@id":"https:\/\/afbcompucenter.com\/blog\/#organization","name":"AFB Solutions","url":"https:\/\/afbcompucenter.com\/blog\/","sameAs":["https:\/\/www.facebook.com\/AFBCompucenter","https:\/\/www.instagram.com\/afbsolutions\/","https:\/\/www.linkedin.com\/company\/afbsolutions","https:\/\/twitter.com\/afbcompucenter"],"logo":{"@type":"ImageObject","@id":"https:\/\/afbcompucenter.com\/blog\/#logo","inLanguage":"es","url":"https:\/\/afbcompucenter.com\/blog\/wp-content\/uploads\/2025\/03\/afb-solutions-blog-R.png","contentUrl":"https:\/\/afbcompucenter.com\/blog\/wp-content\/uploads\/2025\/03\/afb-solutions-blog-R.png","width":544,"height":180,"caption":"AFB Solutions"},"image":{"@id":"https:\/\/afbcompucenter.com\/blog\/#logo"}},{"@type":"WebSite","@id":"https:\/\/afbcompucenter.com\/blog\/#website","url":"https:\/\/afbcompucenter.com\/blog\/","name":"AFB Solutions BLOG","description":"Haciendo que sus ideas viajen","publisher":{"@id":"https:\/\/afbcompucenter.com\/blog\/#organization"},"potentialAction":[{"@type":"SearchAction","target":{"@type":"EntryPoint","urlTemplate":"https:\/\/afbcompucenter.com\/blog\/?s={search_term_string}"},"query-input":"required name=search_term_string"}],"inLanguage":"es"},{"@type":"ImageObject","@id":"https:\/\/afbcompucenter.com\/blog\/producto\/%e2%80%8btest-de-personalidad-de-los-16-factores-de-cattell-16-pf-automatizado-version-2022-super-completo\/#primaryimage","inLanguage":"es","url":"https:\/\/afbcompucenter.com\/blog\/wp-content\/uploads\/2021\/06\/test-16pf-personalidad-automatizado-instalador-windows-afb-solutions.jpg","contentUrl":"https:\/\/afbcompucenter.com\/blog\/wp-content\/uploads\/2021\/06\/test-16pf-personalidad-automatizado-instalador-windows-afb-solutions.jpg","width":626,"height":626},{"@type":"WebPage","@id":"https:\/\/afbcompucenter.com\/blog\/producto\/%e2%80%8btest-de-personalidad-de-los-16-factores-de-cattell-16-pf-automatizado-version-2022-super-completo\/#webpage","url":"https:\/\/afbcompucenter.com\/blog\/producto\/%e2%80%8btest-de-personalidad-de-los-16-factores-de-cattell-16-pf-automatizado-version-2022-super-completo\/","name":"\u200bTest de personalidad de los 16 factores de Cattell (16 PF) Automatizado Versi\u00f3n 2022 S\u00faper Completo - AFB Solutions BLOG","isPartOf":{"@id":"https:\/\/afbcompucenter.com\/blog\/#website"},"primaryImageOfPage":{"@id":"https:\/\/afbcompucenter.com\/blog\/producto\/%e2%80%8btest-de-personalidad-de-los-16-factores-de-cattell-16-pf-automatizado-version-2022-super-completo\/#primaryimage"},"datePublished":"2021-09-22T03:55:46+00:00","dateModified":"2025-08-28T21:12:47+00:00","description":"El test de personalidad de 16 factores de Cattell tiene como objetivo principal describir las distintas personalidades de la poblaci\u00f3n mediante un an\u00e1lisis factorial.","breadcrumb":{"@id":"https:\/\/afbcompucenter.com\/blog\/producto\/%e2%80%8btest-de-personalidad-de-los-16-factores-de-cattell-16-pf-automatizado-version-2022-super-completo\/#breadcrumb"},"inLanguage":"es","potentialAction":[{"@type":"ReadAction","target":["https:\/\/afbcompucenter.com\/blog\/producto\/%e2%80%8btest-de-personalidad-de-los-16-factores-de-cattell-16-pf-automatizado-version-2022-super-completo\/"]}]},{"@type":"BreadcrumbList","@id":"https:\/\/afbcompucenter.com\/blog\/producto\/%e2%80%8btest-de-personalidad-de-los-16-factores-de-cattell-16-pf-automatizado-version-2022-super-completo\/#breadcrumb","itemListElement":[{"@type":"ListItem","position":1,"name":"Portada","item":"https:\/\/afbcompucenter.com\/blog\/"},{"@type":"ListItem","position":2,"name":"Tienda","item":"https:\/\/afbcompucenter.com\/blog\/tienda\/"},{"@type":"ListItem","position":3,"name":"\u200bTest de personalidad de los 16 factores de Cattell (16 PF) Automatizado Versi\u00f3n 2022 S\u00faper Completo"}]}]}},"_links":{"self":[{"href":"https:\/\/afbcompucenter.com\/blog\/wp-json\/wp\/v2\/product\/1364"}],"collection":[{"href":"https:\/\/afbcompucenter.com\/blog\/wp-json\/wp\/v2\/product"}],"about":[{"href":"https:\/\/afbcompucenter.com\/blog\/wp-json\/wp\/v2\/types\/product"}],"replies":[{"embeddable":true,"href":"https:\/\/afbcompucenter.com\/blog\/wp-json\/wp\/v2\/comments?post=1364"}],"wp:featuredmedia":[{"embeddable":true,"href":"https:\/\/afbcompucenter.com\/blog\/wp-json\/wp\/v2\/media\/1268"}],"wp:attachment":[{"href":"https:\/\/afbcompucenter.com\/blog\/wp-json\/wp\/v2\/media?parent=1364"}],"wp:term":[{"taxonomy":"product_cat","embeddable":true,"href":"https:\/\/afbcompucenter.com\/blog\/wp-json\/wp\/v2\/product_cat?post=1364"},{"taxonomy":"product_tag","embeddable":true,"href":"https:\/\/afbcompucenter.com\/blog\/wp-json\/wp\/v2\/product_tag?post=1364"}],"curies":[{"name":"wp","href":"https:\/\/api.w.org\/{rel}","templated":true}]}}