{"id":2593,"date":"2024-12-27T02:23:23","date_gmt":"2024-12-27T02:23:23","guid":{"rendered":"https:\/\/afbcompucenter.com\/blog\/?post_type=product&#038;p=2593"},"modified":"2024-12-27T02:53:16","modified_gmt":"2024-12-27T02:53:16","slug":"test-wonderlic-excel-automatizado-excel","status":"publish","type":"product","link":"https:\/\/afbcompucenter.com\/blog\/producto\/test-wonderlic-excel-automatizado-excel\/","title":{"rendered":"Test Wonderlic (Actualizado) + Gr\u00e1ficos + Interpretaci\u00f3n automatizados"},"content":{"rendered":"<p>Adquiere el Test Wonderlic en una plantilla de Excel automatizada y eval\u00faa las capacidades cognitivas de tus candidatos de manera r\u00e1pida y eficiente. Este test, reconocido globalmente, mide el coeficiente intelectual y habilidades de pensamiento l\u00f3gico. Ideal para procesos de selecci\u00f3n de personal y evaluaciones psicom\u00e9tricas. F\u00e1cil de usar, con resultados autom\u00e1ticos y gr\u00e1ficos detallados. \u00a1Optimiza tus reclutamientos hoy mismo!<\/p>\n","protected":false},"excerpt":{"rendered":"<p>Adquiere el Test Wonderlic en una plantilla de Excel automatizada y eval\u00faa las capacidades cognitivas de tus candidatos de manera r\u00e1pida y eficiente. Este test, reconocido globalmente, mide el coeficiente intelectual y habilidades de pensamiento l\u00f3gico. Ideal para procesos de selecci\u00f3n de personal y evaluaciones psicom\u00e9tricas. F\u00e1cil de usar, con resultados autom\u00e1ticos y gr\u00e1ficos detallados. \u00a1Optimiza tus reclutamientos hoy mismo! La licencia est\u00e1 limitada a 25 aperturas. Al llegar el l\u00edmite, deber\u00e1s adquirir nuevamente la plantilla.<\/p>\n","protected":false},"featured_media":2595,"comment_status":"open","ping_status":"closed","template":"","meta":{"spay_email":""},"product_cat":[89],"product_tag":[],"acf":[],"yoast_head":"<!-- This site is optimized with the Yoast SEO plugin v16.7 - https:\/\/yoast.com\/wordpress\/plugins\/seo\/ -->\n<meta name=\"description\" content=\"Compra el Test Wonderlic en Excel automatizado para evaluar habilidades cognitivas y razonamiento l\u00f3gico en tus candidatos. Resultados r\u00e1pidos y f\u00e1ciles de interpretar, ideal para optimizar tu proceso de selecci\u00f3n. \u00a1Obt\u00e9n el tuyo ahora!\" \/>\n<meta name=\"robots\" content=\"index, follow, max-snippet:-1, max-image-preview:large, max-video-preview:-1\" \/>\n<link rel=\"canonical\" href=\"https:\/\/afbcompucenter.com\/blog\/producto\/test-wonderlic-excel-automatizado-excel\/\" \/>\n<meta property=\"og:locale\" content=\"es_ES\" \/>\n<meta property=\"og:type\" content=\"article\" \/>\n<meta property=\"og:title\" content=\"Test Wonderlic (Actualizado) + Gr\u00e1ficos + Interpretaci\u00f3n automatizados - AFB Solutions BLOG\" \/>\n<meta property=\"og:description\" content=\"Compra el Test Wonderlic en Excel automatizado para evaluar habilidades cognitivas y razonamiento l\u00f3gico en tus candidatos. Resultados r\u00e1pidos y f\u00e1ciles de interpretar, ideal para optimizar tu proceso de selecci\u00f3n. \u00a1Obt\u00e9n el tuyo ahora!\" \/>\n<meta property=\"og:url\" content=\"https:\/\/afbcompucenter.com\/blog\/producto\/test-wonderlic-excel-automatizado-excel\/\" \/>\n<meta property=\"og:site_name\" content=\"AFB Solutions BLOG\" \/>\n<meta property=\"article:publisher\" content=\"https:\/\/www.facebook.com\/AFBCompucenter\" \/>\n<meta property=\"article:modified_time\" content=\"2024-12-27T02:53:16+00:00\" \/>\n<meta property=\"og:image\" content=\"https:\/\/afbcompucenter.com\/blog\/wp-content\/uploads\/2024\/12\/test-de-inteligencia-wonderlic-plantilla-automatizada-excel.png\" \/>\n\t<meta property=\"og:image:width\" content=\"1308\" \/>\n\t<meta property=\"og:image:height\" content=\"906\" \/>\n<meta name=\"twitter:card\" content=\"summary_large_image\" \/>\n<meta name=\"twitter:site\" content=\"@afbcompucenter\" \/>\n<script type=\"application\/ld+json\" class=\"yoast-schema-graph\">{\"@context\":\"https:\/\/schema.org\",\"@graph\":[{\"@type\":\"Organization\",\"@id\":\"https:\/\/afbcompucenter.com\/blog\/#organization\",\"name\":\"AFB Solutions\",\"url\":\"https:\/\/afbcompucenter.com\/blog\/\",\"sameAs\":[\"https:\/\/www.facebook.com\/AFBCompucenter\",\"https:\/\/www.instagram.com\/afbsolutions\/\",\"https:\/\/www.linkedin.com\/company\/afbsolutions\",\"https:\/\/twitter.com\/afbcompucenter\"],\"logo\":{\"@type\":\"ImageObject\",\"@id\":\"https:\/\/afbcompucenter.com\/blog\/#logo\",\"inLanguage\":\"es\",\"url\":\"https:\/\/afbcompucenter.com\/blog\/wp-content\/uploads\/2025\/03\/afb-solutions-blog-R.png\",\"contentUrl\":\"https:\/\/afbcompucenter.com\/blog\/wp-content\/uploads\/2025\/03\/afb-solutions-blog-R.png\",\"width\":544,\"height\":180,\"caption\":\"AFB Solutions\"},\"image\":{\"@id\":\"https:\/\/afbcompucenter.com\/blog\/#logo\"}},{\"@type\":\"WebSite\",\"@id\":\"https:\/\/afbcompucenter.com\/blog\/#website\",\"url\":\"https:\/\/afbcompucenter.com\/blog\/\",\"name\":\"AFB Solutions BLOG\",\"description\":\"Haciendo que sus ideas viajen\",\"publisher\":{\"@id\":\"https:\/\/afbcompucenter.com\/blog\/#organization\"},\"potentialAction\":[{\"@type\":\"SearchAction\",\"target\":{\"@type\":\"EntryPoint\",\"urlTemplate\":\"https:\/\/afbcompucenter.com\/blog\/?s={search_term_string}\"},\"query-input\":\"required name=search_term_string\"}],\"inLanguage\":\"es\"},{\"@type\":\"ImageObject\",\"@id\":\"https:\/\/afbcompucenter.com\/blog\/producto\/test-wonderlic-excel-automatizado-excel\/#primaryimage\",\"inLanguage\":\"es\",\"url\":\"https:\/\/afbcompucenter.com\/blog\/wp-content\/uploads\/2024\/12\/test-de-inteligencia-wonderlic-plantilla-automatizada-excel.png\",\"contentUrl\":\"https:\/\/afbcompucenter.com\/blog\/wp-content\/uploads\/2024\/12\/test-de-inteligencia-wonderlic-plantilla-automatizada-excel.png\",\"width\":1308,\"height\":906},{\"@type\":\"WebPage\",\"@id\":\"https:\/\/afbcompucenter.com\/blog\/producto\/test-wonderlic-excel-automatizado-excel\/#webpage\",\"url\":\"https:\/\/afbcompucenter.com\/blog\/producto\/test-wonderlic-excel-automatizado-excel\/\",\"name\":\"Test Wonderlic (Actualizado) + Gr\\u00e1ficos + Interpretaci\\u00f3n automatizados - AFB Solutions BLOG\",\"isPartOf\":{\"@id\":\"https:\/\/afbcompucenter.com\/blog\/#website\"},\"primaryImageOfPage\":{\"@id\":\"https:\/\/afbcompucenter.com\/blog\/producto\/test-wonderlic-excel-automatizado-excel\/#primaryimage\"},\"datePublished\":\"2024-12-27T02:23:23+00:00\",\"dateModified\":\"2024-12-27T02:53:16+00:00\",\"description\":\"Compra el Test Wonderlic en Excel automatizado para evaluar habilidades cognitivas y razonamiento l\\u00f3gico en tus candidatos. Resultados r\\u00e1pidos y f\\u00e1ciles de interpretar, ideal para optimizar tu proceso de selecci\\u00f3n. \\u00a1Obt\\u00e9n el tuyo ahora!\",\"breadcrumb\":{\"@id\":\"https:\/\/afbcompucenter.com\/blog\/producto\/test-wonderlic-excel-automatizado-excel\/#breadcrumb\"},\"inLanguage\":\"es\",\"potentialAction\":[{\"@type\":\"ReadAction\",\"target\":[\"https:\/\/afbcompucenter.com\/blog\/producto\/test-wonderlic-excel-automatizado-excel\/\"]}]},{\"@type\":\"BreadcrumbList\",\"@id\":\"https:\/\/afbcompucenter.com\/blog\/producto\/test-wonderlic-excel-automatizado-excel\/#breadcrumb\",\"itemListElement\":[{\"@type\":\"ListItem\",\"position\":1,\"name\":\"Portada\",\"item\":\"https:\/\/afbcompucenter.com\/blog\/\"},{\"@type\":\"ListItem\",\"position\":2,\"name\":\"Tienda\",\"item\":\"https:\/\/afbcompucenter.com\/blog\/tienda\/\"},{\"@type\":\"ListItem\",\"position\":3,\"name\":\"Test Wonderlic (Actualizado) + Gr\\u00e1ficos + Interpretaci\\u00f3n automatizados\"}]}]}<\/script>\n<!-- \/ Yoast SEO plugin. -->","yoast_head_json":{"description":"Compra el Test Wonderlic en Excel automatizado para evaluar habilidades cognitivas y razonamiento l\u00f3gico en tus candidatos. Resultados r\u00e1pidos y f\u00e1ciles de interpretar, ideal para optimizar tu proceso de selecci\u00f3n. \u00a1Obt\u00e9n el tuyo ahora!","robots":{"index":"index","follow":"follow","max-snippet":"max-snippet:-1","max-image-preview":"max-image-preview:large","max-video-preview":"max-video-preview:-1"},"canonical":"https:\/\/afbcompucenter.com\/blog\/producto\/test-wonderlic-excel-automatizado-excel\/","og_locale":"es_ES","og_type":"article","og_title":"Test Wonderlic (Actualizado) + Gr\u00e1ficos + Interpretaci\u00f3n automatizados - AFB Solutions BLOG","og_description":"Compra el Test Wonderlic en Excel automatizado para evaluar habilidades cognitivas y razonamiento l\u00f3gico en tus candidatos. Resultados r\u00e1pidos y f\u00e1ciles de interpretar, ideal para optimizar tu proceso de selecci\u00f3n. \u00a1Obt\u00e9n el tuyo ahora!","og_url":"https:\/\/afbcompucenter.com\/blog\/producto\/test-wonderlic-excel-automatizado-excel\/","og_site_name":"AFB Solutions BLOG","article_publisher":"https:\/\/www.facebook.com\/AFBCompucenter","article_modified_time":"2024-12-27T02:53:16+00:00","og_image":[{"width":1308,"height":906,"filesize":426526,"url":"https:\/\/afbcompucenter.com\/blog\/wp-content\/uploads\/2024\/12\/test-de-inteligencia-wonderlic-plantilla-automatizada-excel.png","path":"\/home\/luqkdwse\/public_html\/sitios\/afbcompucenter.com\/blog\/wp-content\/uploads\/2024\/12\/test-de-inteligencia-wonderlic-plantilla-automatizada-excel.png","size":"full","id":2595,"alt":"","pixels":1185048,"type":"image\/png"}],"twitter_card":"summary_large_image","twitter_site":"@afbcompucenter","schema":{"@context":"https:\/\/schema.org","@graph":[{"@type":"Organization","@id":"https:\/\/afbcompucenter.com\/blog\/#organization","name":"AFB Solutions","url":"https:\/\/afbcompucenter.com\/blog\/","sameAs":["https:\/\/www.facebook.com\/AFBCompucenter","https:\/\/www.instagram.com\/afbsolutions\/","https:\/\/www.linkedin.com\/company\/afbsolutions","https:\/\/twitter.com\/afbcompucenter"],"logo":{"@type":"ImageObject","@id":"https:\/\/afbcompucenter.com\/blog\/#logo","inLanguage":"es","url":"https:\/\/afbcompucenter.com\/blog\/wp-content\/uploads\/2025\/03\/afb-solutions-blog-R.png","contentUrl":"https:\/\/afbcompucenter.com\/blog\/wp-content\/uploads\/2025\/03\/afb-solutions-blog-R.png","width":544,"height":180,"caption":"AFB Solutions"},"image":{"@id":"https:\/\/afbcompucenter.com\/blog\/#logo"}},{"@type":"WebSite","@id":"https:\/\/afbcompucenter.com\/blog\/#website","url":"https:\/\/afbcompucenter.com\/blog\/","name":"AFB Solutions BLOG","description":"Haciendo que sus ideas viajen","publisher":{"@id":"https:\/\/afbcompucenter.com\/blog\/#organization"},"potentialAction":[{"@type":"SearchAction","target":{"@type":"EntryPoint","urlTemplate":"https:\/\/afbcompucenter.com\/blog\/?s={search_term_string}"},"query-input":"required name=search_term_string"}],"inLanguage":"es"},{"@type":"ImageObject","@id":"https:\/\/afbcompucenter.com\/blog\/producto\/test-wonderlic-excel-automatizado-excel\/#primaryimage","inLanguage":"es","url":"https:\/\/afbcompucenter.com\/blog\/wp-content\/uploads\/2024\/12\/test-de-inteligencia-wonderlic-plantilla-automatizada-excel.png","contentUrl":"https:\/\/afbcompucenter.com\/blog\/wp-content\/uploads\/2024\/12\/test-de-inteligencia-wonderlic-plantilla-automatizada-excel.png","width":1308,"height":906},{"@type":"WebPage","@id":"https:\/\/afbcompucenter.com\/blog\/producto\/test-wonderlic-excel-automatizado-excel\/#webpage","url":"https:\/\/afbcompucenter.com\/blog\/producto\/test-wonderlic-excel-automatizado-excel\/","name":"Test Wonderlic (Actualizado) + Gr\u00e1ficos + Interpretaci\u00f3n automatizados - AFB Solutions BLOG","isPartOf":{"@id":"https:\/\/afbcompucenter.com\/blog\/#website"},"primaryImageOfPage":{"@id":"https:\/\/afbcompucenter.com\/blog\/producto\/test-wonderlic-excel-automatizado-excel\/#primaryimage"},"datePublished":"2024-12-27T02:23:23+00:00","dateModified":"2024-12-27T02:53:16+00:00","description":"Compra el Test Wonderlic en Excel automatizado para evaluar habilidades cognitivas y razonamiento l\u00f3gico en tus candidatos. Resultados r\u00e1pidos y f\u00e1ciles de interpretar, ideal para optimizar tu proceso de selecci\u00f3n. \u00a1Obt\u00e9n el tuyo ahora!","breadcrumb":{"@id":"https:\/\/afbcompucenter.com\/blog\/producto\/test-wonderlic-excel-automatizado-excel\/#breadcrumb"},"inLanguage":"es","potentialAction":[{"@type":"ReadAction","target":["https:\/\/afbcompucenter.com\/blog\/producto\/test-wonderlic-excel-automatizado-excel\/"]}]},{"@type":"BreadcrumbList","@id":"https:\/\/afbcompucenter.com\/blog\/producto\/test-wonderlic-excel-automatizado-excel\/#breadcrumb","itemListElement":[{"@type":"ListItem","position":1,"name":"Portada","item":"https:\/\/afbcompucenter.com\/blog\/"},{"@type":"ListItem","position":2,"name":"Tienda","item":"https:\/\/afbcompucenter.com\/blog\/tienda\/"},{"@type":"ListItem","position":3,"name":"Test Wonderlic (Actualizado) + Gr\u00e1ficos + Interpretaci\u00f3n automatizados"}]}]}},"_links":{"self":[{"href":"https:\/\/afbcompucenter.com\/blog\/wp-json\/wp\/v2\/product\/2593"}],"collection":[{"href":"https:\/\/afbcompucenter.com\/blog\/wp-json\/wp\/v2\/product"}],"about":[{"href":"https:\/\/afbcompucenter.com\/blog\/wp-json\/wp\/v2\/types\/product"}],"replies":[{"embeddable":true,"href":"https:\/\/afbcompucenter.com\/blog\/wp-json\/wp\/v2\/comments?post=2593"}],"wp:featuredmedia":[{"embeddable":true,"href":"https:\/\/afbcompucenter.com\/blog\/wp-json\/wp\/v2\/media\/2595"}],"wp:attachment":[{"href":"https:\/\/afbcompucenter.com\/blog\/wp-json\/wp\/v2\/media?parent=2593"}],"wp:term":[{"taxonomy":"product_cat","embeddable":true,"href":"https:\/\/afbcompucenter.com\/blog\/wp-json\/wp\/v2\/product_cat?post=2593"},{"taxonomy":"product_tag","embeddable":true,"href":"https:\/\/afbcompucenter.com\/blog\/wp-json\/wp\/v2\/product_tag?post=2593"}],"curies":[{"name":"wp","href":"https:\/\/api.w.org\/{rel}","templated":true}]}}