{"id":706,"date":"2019-04-03T19:18:47","date_gmt":"2019-04-03T19:18:47","guid":{"rendered":"http:\/\/afbcompucenter.com\/blog\/?post_type=product&#038;p=706"},"modified":"2021-02-04T22:14:20","modified_gmt":"2021-02-04T22:14:20","slug":"test-terman-automatizado-windows","status":"publish","type":"product","link":"https:\/\/afbcompucenter.com\/blog\/producto\/test-terman-automatizado-windows\/","title":{"rendered":"Test Terman Automatizado (Windows)"},"content":{"rendered":"","protected":false},"excerpt":{"rendered":"<p>Sistema automatizado para aplicar el test psicom\u00e9trico Terman.<\/p>\n<p>Este test mide el nivel de inteligencia de cada individuo en su forma de Coeficiente Intelectual (CI).<\/p>\n<ul>\n<li>Compatible con sistemas operativos windows<\/li>\n<li>Totalmente automatizado<\/li>\n<li>N\u00famero ilimitado de evaluados<\/li>\n<li>Gr\u00e1ficos e interpretaci\u00f3n autom\u00e1tica<\/li>\n<li>Licencia para 1 PC\/Laptop<\/li>\n<\/ul>\n","protected":false},"featured_media":707,"comment_status":"open","ping_status":"closed","template":"","meta":{"spay_email":""},"product_cat":[91,89,87,92,90,88],"product_tag":[],"acf":[],"yoast_head":"<!-- This site is optimized with the Yoast SEO plugin v16.7 - https:\/\/yoast.com\/wordpress\/plugins\/seo\/ -->\n<meta name=\"robots\" content=\"index, follow, max-snippet:-1, max-image-preview:large, max-video-preview:-1\" \/>\n<link rel=\"canonical\" href=\"https:\/\/afbcompucenter.com\/blog\/producto\/test-terman-automatizado-windows\/\" \/>\n<meta property=\"og:locale\" content=\"es_ES\" \/>\n<meta property=\"og:type\" content=\"article\" \/>\n<meta property=\"og:title\" content=\"Test Terman Automatizado (Windows) - AFB Solutions BLOG\" \/>\n<meta property=\"og:description\" content=\"Sistema automatizado para aplicar el test psicom\u00e9trico Terman.  Este test mide el nivel de inteligencia de cada individuo en su forma de Coeficiente Intelectual (CI).   Compatible con sistemas operativos windows  Totalmente automatizado  N\u00famero ilimitado de evaluados  Gr\u00e1ficos e interpretaci\u00f3n autom\u00e1tica  Licencia para 1 PC\/Laptop\" \/>\n<meta property=\"og:url\" content=\"https:\/\/afbcompucenter.com\/blog\/producto\/test-terman-automatizado-windows\/\" \/>\n<meta property=\"og:site_name\" content=\"AFB Solutions BLOG\" \/>\n<meta property=\"article:publisher\" content=\"https:\/\/www.facebook.com\/AFBCompucenter\" \/>\n<meta property=\"article:modified_time\" content=\"2021-02-04T22:14:20+00:00\" \/>\n<meta property=\"og:image\" content=\"https:\/\/afbcompucenter.com\/blog\/wp-content\/uploads\/2019\/04\/test-terman-inteligencia.png\" \/>\n\t<meta property=\"og:image:width\" content=\"601\" \/>\n\t<meta property=\"og:image:height\" content=\"455\" \/>\n<meta name=\"twitter:card\" content=\"summary_large_image\" \/>\n<meta name=\"twitter:site\" content=\"@afbcompucenter\" \/>\n<script type=\"application\/ld+json\" class=\"yoast-schema-graph\">{\"@context\":\"https:\/\/schema.org\",\"@graph\":[{\"@type\":\"Organization\",\"@id\":\"https:\/\/afbcompucenter.com\/blog\/#organization\",\"name\":\"AFB Solutions\",\"url\":\"https:\/\/afbcompucenter.com\/blog\/\",\"sameAs\":[\"https:\/\/www.facebook.com\/AFBCompucenter\",\"https:\/\/www.instagram.com\/afbsolutions\/\",\"https:\/\/www.linkedin.com\/company\/afbsolutions\",\"https:\/\/twitter.com\/afbcompucenter\"],\"logo\":{\"@type\":\"ImageObject\",\"@id\":\"https:\/\/afbcompucenter.com\/blog\/#logo\",\"inLanguage\":\"es\",\"url\":\"https:\/\/afbcompucenter.com\/blog\/wp-content\/uploads\/2025\/03\/afb-solutions-blog-R.png\",\"contentUrl\":\"https:\/\/afbcompucenter.com\/blog\/wp-content\/uploads\/2025\/03\/afb-solutions-blog-R.png\",\"width\":544,\"height\":180,\"caption\":\"AFB Solutions\"},\"image\":{\"@id\":\"https:\/\/afbcompucenter.com\/blog\/#logo\"}},{\"@type\":\"WebSite\",\"@id\":\"https:\/\/afbcompucenter.com\/blog\/#website\",\"url\":\"https:\/\/afbcompucenter.com\/blog\/\",\"name\":\"AFB Solutions BLOG\",\"description\":\"Haciendo que sus ideas viajen\",\"publisher\":{\"@id\":\"https:\/\/afbcompucenter.com\/blog\/#organization\"},\"potentialAction\":[{\"@type\":\"SearchAction\",\"target\":{\"@type\":\"EntryPoint\",\"urlTemplate\":\"https:\/\/afbcompucenter.com\/blog\/?s={search_term_string}\"},\"query-input\":\"required name=search_term_string\"}],\"inLanguage\":\"es\"},{\"@type\":\"ImageObject\",\"@id\":\"https:\/\/afbcompucenter.com\/blog\/producto\/test-terman-automatizado-windows\/#primaryimage\",\"inLanguage\":\"es\",\"url\":\"https:\/\/afbcompucenter.com\/blog\/wp-content\/uploads\/2019\/04\/test-terman-inteligencia.png\",\"contentUrl\":\"https:\/\/afbcompucenter.com\/blog\/wp-content\/uploads\/2019\/04\/test-terman-inteligencia.png\",\"width\":601,\"height\":455},{\"@type\":\"WebPage\",\"@id\":\"https:\/\/afbcompucenter.com\/blog\/producto\/test-terman-automatizado-windows\/#webpage\",\"url\":\"https:\/\/afbcompucenter.com\/blog\/producto\/test-terman-automatizado-windows\/\",\"name\":\"Test Terman Automatizado (Windows) - AFB Solutions BLOG\",\"isPartOf\":{\"@id\":\"https:\/\/afbcompucenter.com\/blog\/#website\"},\"primaryImageOfPage\":{\"@id\":\"https:\/\/afbcompucenter.com\/blog\/producto\/test-terman-automatizado-windows\/#primaryimage\"},\"datePublished\":\"2019-04-03T19:18:47+00:00\",\"dateModified\":\"2021-02-04T22:14:20+00:00\",\"breadcrumb\":{\"@id\":\"https:\/\/afbcompucenter.com\/blog\/producto\/test-terman-automatizado-windows\/#breadcrumb\"},\"inLanguage\":\"es\",\"potentialAction\":[{\"@type\":\"ReadAction\",\"target\":[\"https:\/\/afbcompucenter.com\/blog\/producto\/test-terman-automatizado-windows\/\"]}]},{\"@type\":\"BreadcrumbList\",\"@id\":\"https:\/\/afbcompucenter.com\/blog\/producto\/test-terman-automatizado-windows\/#breadcrumb\",\"itemListElement\":[{\"@type\":\"ListItem\",\"position\":1,\"name\":\"Portada\",\"item\":\"https:\/\/afbcompucenter.com\/blog\/\"},{\"@type\":\"ListItem\",\"position\":2,\"name\":\"Tienda\",\"item\":\"https:\/\/afbcompucenter.com\/blog\/tienda\/\"},{\"@type\":\"ListItem\",\"position\":3,\"name\":\"Test Terman Automatizado (Windows)\"}]}]}<\/script>\n<!-- \/ Yoast SEO plugin. -->","yoast_head_json":{"robots":{"index":"index","follow":"follow","max-snippet":"max-snippet:-1","max-image-preview":"max-image-preview:large","max-video-preview":"max-video-preview:-1"},"canonical":"https:\/\/afbcompucenter.com\/blog\/producto\/test-terman-automatizado-windows\/","og_locale":"es_ES","og_type":"article","og_title":"Test Terman Automatizado (Windows) - AFB Solutions BLOG","og_description":"Sistema automatizado para aplicar el test psicom\u00e9trico Terman.  Este test mide el nivel de inteligencia de cada individuo en su forma de Coeficiente Intelectual (CI).   Compatible con sistemas operativos windows  Totalmente automatizado  N\u00famero ilimitado de evaluados  Gr\u00e1ficos e interpretaci\u00f3n autom\u00e1tica  Licencia para 1 PC\/Laptop","og_url":"https:\/\/afbcompucenter.com\/blog\/producto\/test-terman-automatizado-windows\/","og_site_name":"AFB Solutions BLOG","article_publisher":"https:\/\/www.facebook.com\/AFBCompucenter","article_modified_time":"2021-02-04T22:14:20+00:00","og_image":[{"width":601,"height":455,"url":"https:\/\/afbcompucenter.com\/blog\/wp-content\/uploads\/2019\/04\/test-terman-inteligencia.png","path":"\/home\/luqkdwse\/public_html\/sitios\/afbcompucenter.com\/blog\/wp-content\/uploads\/2019\/04\/test-terman-inteligencia.png","size":"full","id":707,"alt":"","pixels":273455,"type":"image\/png"}],"twitter_card":"summary_large_image","twitter_site":"@afbcompucenter","schema":{"@context":"https:\/\/schema.org","@graph":[{"@type":"Organization","@id":"https:\/\/afbcompucenter.com\/blog\/#organization","name":"AFB Solutions","url":"https:\/\/afbcompucenter.com\/blog\/","sameAs":["https:\/\/www.facebook.com\/AFBCompucenter","https:\/\/www.instagram.com\/afbsolutions\/","https:\/\/www.linkedin.com\/company\/afbsolutions","https:\/\/twitter.com\/afbcompucenter"],"logo":{"@type":"ImageObject","@id":"https:\/\/afbcompucenter.com\/blog\/#logo","inLanguage":"es","url":"https:\/\/afbcompucenter.com\/blog\/wp-content\/uploads\/2025\/03\/afb-solutions-blog-R.png","contentUrl":"https:\/\/afbcompucenter.com\/blog\/wp-content\/uploads\/2025\/03\/afb-solutions-blog-R.png","width":544,"height":180,"caption":"AFB Solutions"},"image":{"@id":"https:\/\/afbcompucenter.com\/blog\/#logo"}},{"@type":"WebSite","@id":"https:\/\/afbcompucenter.com\/blog\/#website","url":"https:\/\/afbcompucenter.com\/blog\/","name":"AFB Solutions BLOG","description":"Haciendo que sus ideas viajen","publisher":{"@id":"https:\/\/afbcompucenter.com\/blog\/#organization"},"potentialAction":[{"@type":"SearchAction","target":{"@type":"EntryPoint","urlTemplate":"https:\/\/afbcompucenter.com\/blog\/?s={search_term_string}"},"query-input":"required name=search_term_string"}],"inLanguage":"es"},{"@type":"ImageObject","@id":"https:\/\/afbcompucenter.com\/blog\/producto\/test-terman-automatizado-windows\/#primaryimage","inLanguage":"es","url":"https:\/\/afbcompucenter.com\/blog\/wp-content\/uploads\/2019\/04\/test-terman-inteligencia.png","contentUrl":"https:\/\/afbcompucenter.com\/blog\/wp-content\/uploads\/2019\/04\/test-terman-inteligencia.png","width":601,"height":455},{"@type":"WebPage","@id":"https:\/\/afbcompucenter.com\/blog\/producto\/test-terman-automatizado-windows\/#webpage","url":"https:\/\/afbcompucenter.com\/blog\/producto\/test-terman-automatizado-windows\/","name":"Test Terman Automatizado (Windows) - AFB Solutions BLOG","isPartOf":{"@id":"https:\/\/afbcompucenter.com\/blog\/#website"},"primaryImageOfPage":{"@id":"https:\/\/afbcompucenter.com\/blog\/producto\/test-terman-automatizado-windows\/#primaryimage"},"datePublished":"2019-04-03T19:18:47+00:00","dateModified":"2021-02-04T22:14:20+00:00","breadcrumb":{"@id":"https:\/\/afbcompucenter.com\/blog\/producto\/test-terman-automatizado-windows\/#breadcrumb"},"inLanguage":"es","potentialAction":[{"@type":"ReadAction","target":["https:\/\/afbcompucenter.com\/blog\/producto\/test-terman-automatizado-windows\/"]}]},{"@type":"BreadcrumbList","@id":"https:\/\/afbcompucenter.com\/blog\/producto\/test-terman-automatizado-windows\/#breadcrumb","itemListElement":[{"@type":"ListItem","position":1,"name":"Portada","item":"https:\/\/afbcompucenter.com\/blog\/"},{"@type":"ListItem","position":2,"name":"Tienda","item":"https:\/\/afbcompucenter.com\/blog\/tienda\/"},{"@type":"ListItem","position":3,"name":"Test Terman Automatizado (Windows)"}]}]}},"_links":{"self":[{"href":"https:\/\/afbcompucenter.com\/blog\/wp-json\/wp\/v2\/product\/706"}],"collection":[{"href":"https:\/\/afbcompucenter.com\/blog\/wp-json\/wp\/v2\/product"}],"about":[{"href":"https:\/\/afbcompucenter.com\/blog\/wp-json\/wp\/v2\/types\/product"}],"replies":[{"embeddable":true,"href":"https:\/\/afbcompucenter.com\/blog\/wp-json\/wp\/v2\/comments?post=706"}],"wp:featuredmedia":[{"embeddable":true,"href":"https:\/\/afbcompucenter.com\/blog\/wp-json\/wp\/v2\/media\/707"}],"wp:attachment":[{"href":"https:\/\/afbcompucenter.com\/blog\/wp-json\/wp\/v2\/media?parent=706"}],"wp:term":[{"taxonomy":"product_cat","embeddable":true,"href":"https:\/\/afbcompucenter.com\/blog\/wp-json\/wp\/v2\/product_cat?post=706"},{"taxonomy":"product_tag","embeddable":true,"href":"https:\/\/afbcompucenter.com\/blog\/wp-json\/wp\/v2\/product_tag?post=706"}],"curies":[{"name":"wp","href":"https:\/\/api.w.org\/{rel}","templated":true}]}}