{"id":747,"date":"2019-04-16T21:47:12","date_gmt":"2019-04-16T21:47:12","guid":{"rendered":"http:\/\/afbcompucenter.com\/blog\/?post_type=product&#038;p=747"},"modified":"2022-05-19T00:18:43","modified_gmt":"2022-05-19T00:18:43","slug":"test-lifo-conduccion-y-comunicacion-laboral-plantilla-en-excel-test-graficos","status":"publish","type":"product","link":"https:\/\/afbcompucenter.com\/blog\/producto\/test-lifo-conduccion-y-comunicacion-laboral-plantilla-en-excel-test-graficos\/","title":{"rendered":"Test Lifo (Conducci\u00f3n y comunicaci\u00f3n laboral) &#8211; Plantilla en excel (Test + gr\u00e1ficos)"},"content":{"rendered":"","protected":false},"excerpt":{"rendered":"<p>Plantilla automatizada en excel para aplicar el Test Lifo (Conducci\u00f3n y comunicaci\u00f3n laboral). Incluye test automatizado y gr\u00e1ficos.<\/p>\n","protected":false},"featured_media":749,"comment_status":"open","ping_status":"closed","template":"","meta":{"spay_email":""},"product_cat":[91,89,87,92,90,88],"product_tag":[],"acf":[],"yoast_head":"<!-- This site is optimized with the Yoast SEO plugin v16.7 - https:\/\/yoast.com\/wordpress\/plugins\/seo\/ -->\n<meta name=\"robots\" content=\"index, follow, max-snippet:-1, max-image-preview:large, max-video-preview:-1\" \/>\n<link rel=\"canonical\" href=\"https:\/\/afbcompucenter.com\/blog\/producto\/test-lifo-conduccion-y-comunicacion-laboral-plantilla-en-excel-test-graficos\/\" \/>\n<meta property=\"og:locale\" content=\"es_ES\" \/>\n<meta property=\"og:type\" content=\"article\" \/>\n<meta property=\"og:title\" content=\"Test Lifo (Conducci\u00f3n y comunicaci\u00f3n laboral) - Plantilla en excel (Test + gr\u00e1ficos) - AFB Solutions BLOG\" \/>\n<meta property=\"og:description\" content=\"Plantilla automatizada en excel para aplicar el Test Lifo (Conducci\u00f3n y comunicaci\u00f3n laboral). Incluye test automatizado y gr\u00e1ficos.\" \/>\n<meta property=\"og:url\" content=\"https:\/\/afbcompucenter.com\/blog\/producto\/test-lifo-conduccion-y-comunicacion-laboral-plantilla-en-excel-test-graficos\/\" \/>\n<meta property=\"og:site_name\" content=\"AFB Solutions BLOG\" \/>\n<meta property=\"article:publisher\" content=\"https:\/\/www.facebook.com\/AFBCompucenter\" \/>\n<meta property=\"article:modified_time\" content=\"2022-05-19T00:18:43+00:00\" \/>\n<meta property=\"og:image\" content=\"https:\/\/afbcompucenter.com\/blog\/wp-content\/uploads\/2019\/04\/test-lifo-conduccion-y-comunicacion-laboral.png\" \/>\n\t<meta property=\"og:image:width\" content=\"602\" \/>\n\t<meta property=\"og:image:height\" content=\"465\" \/>\n<meta name=\"twitter:card\" content=\"summary_large_image\" \/>\n<meta name=\"twitter:site\" content=\"@afbcompucenter\" \/>\n<script type=\"application\/ld+json\" class=\"yoast-schema-graph\">{\"@context\":\"https:\/\/schema.org\",\"@graph\":[{\"@type\":\"Organization\",\"@id\":\"https:\/\/afbcompucenter.com\/blog\/#organization\",\"name\":\"AFB Solutions\",\"url\":\"https:\/\/afbcompucenter.com\/blog\/\",\"sameAs\":[\"https:\/\/www.facebook.com\/AFBCompucenter\",\"https:\/\/www.instagram.com\/afbsolutions\/\",\"https:\/\/www.linkedin.com\/company\/afbsolutions\",\"https:\/\/twitter.com\/afbcompucenter\"],\"logo\":{\"@type\":\"ImageObject\",\"@id\":\"https:\/\/afbcompucenter.com\/blog\/#logo\",\"inLanguage\":\"es\",\"url\":\"https:\/\/afbcompucenter.com\/blog\/wp-content\/uploads\/2025\/03\/afb-solutions-blog-R.png\",\"contentUrl\":\"https:\/\/afbcompucenter.com\/blog\/wp-content\/uploads\/2025\/03\/afb-solutions-blog-R.png\",\"width\":544,\"height\":180,\"caption\":\"AFB Solutions\"},\"image\":{\"@id\":\"https:\/\/afbcompucenter.com\/blog\/#logo\"}},{\"@type\":\"WebSite\",\"@id\":\"https:\/\/afbcompucenter.com\/blog\/#website\",\"url\":\"https:\/\/afbcompucenter.com\/blog\/\",\"name\":\"AFB Solutions BLOG\",\"description\":\"Haciendo que sus ideas viajen\",\"publisher\":{\"@id\":\"https:\/\/afbcompucenter.com\/blog\/#organization\"},\"potentialAction\":[{\"@type\":\"SearchAction\",\"target\":{\"@type\":\"EntryPoint\",\"urlTemplate\":\"https:\/\/afbcompucenter.com\/blog\/?s={search_term_string}\"},\"query-input\":\"required name=search_term_string\"}],\"inLanguage\":\"es\"},{\"@type\":\"ImageObject\",\"@id\":\"https:\/\/afbcompucenter.com\/blog\/producto\/test-lifo-conduccion-y-comunicacion-laboral-plantilla-en-excel-test-graficos\/#primaryimage\",\"inLanguage\":\"es\",\"url\":\"https:\/\/afbcompucenter.com\/blog\/wp-content\/uploads\/2019\/04\/test-lifo-conduccion-y-comunicacion-laboral.png\",\"contentUrl\":\"https:\/\/afbcompucenter.com\/blog\/wp-content\/uploads\/2019\/04\/test-lifo-conduccion-y-comunicacion-laboral.png\",\"width\":602,\"height\":465},{\"@type\":\"WebPage\",\"@id\":\"https:\/\/afbcompucenter.com\/blog\/producto\/test-lifo-conduccion-y-comunicacion-laboral-plantilla-en-excel-test-graficos\/#webpage\",\"url\":\"https:\/\/afbcompucenter.com\/blog\/producto\/test-lifo-conduccion-y-comunicacion-laboral-plantilla-en-excel-test-graficos\/\",\"name\":\"Test Lifo (Conducci\\u00f3n y comunicaci\\u00f3n laboral) - Plantilla en excel (Test + gr\\u00e1ficos) - AFB Solutions BLOG\",\"isPartOf\":{\"@id\":\"https:\/\/afbcompucenter.com\/blog\/#website\"},\"primaryImageOfPage\":{\"@id\":\"https:\/\/afbcompucenter.com\/blog\/producto\/test-lifo-conduccion-y-comunicacion-laboral-plantilla-en-excel-test-graficos\/#primaryimage\"},\"datePublished\":\"2019-04-16T21:47:12+00:00\",\"dateModified\":\"2022-05-19T00:18:43+00:00\",\"breadcrumb\":{\"@id\":\"https:\/\/afbcompucenter.com\/blog\/producto\/test-lifo-conduccion-y-comunicacion-laboral-plantilla-en-excel-test-graficos\/#breadcrumb\"},\"inLanguage\":\"es\",\"potentialAction\":[{\"@type\":\"ReadAction\",\"target\":[\"https:\/\/afbcompucenter.com\/blog\/producto\/test-lifo-conduccion-y-comunicacion-laboral-plantilla-en-excel-test-graficos\/\"]}]},{\"@type\":\"BreadcrumbList\",\"@id\":\"https:\/\/afbcompucenter.com\/blog\/producto\/test-lifo-conduccion-y-comunicacion-laboral-plantilla-en-excel-test-graficos\/#breadcrumb\",\"itemListElement\":[{\"@type\":\"ListItem\",\"position\":1,\"name\":\"Portada\",\"item\":\"https:\/\/afbcompucenter.com\/blog\/\"},{\"@type\":\"ListItem\",\"position\":2,\"name\":\"Tienda\",\"item\":\"https:\/\/afbcompucenter.com\/blog\/tienda\/\"},{\"@type\":\"ListItem\",\"position\":3,\"name\":\"Test Lifo (Conducci\\u00f3n y comunicaci\\u00f3n laboral) &#8211; Plantilla en excel (Test + gr\\u00e1ficos)\"}]}]}<\/script>\n<!-- \/ Yoast SEO plugin. -->","yoast_head_json":{"robots":{"index":"index","follow":"follow","max-snippet":"max-snippet:-1","max-image-preview":"max-image-preview:large","max-video-preview":"max-video-preview:-1"},"canonical":"https:\/\/afbcompucenter.com\/blog\/producto\/test-lifo-conduccion-y-comunicacion-laboral-plantilla-en-excel-test-graficos\/","og_locale":"es_ES","og_type":"article","og_title":"Test Lifo (Conducci\u00f3n y comunicaci\u00f3n laboral) - Plantilla en excel (Test + gr\u00e1ficos) - AFB Solutions BLOG","og_description":"Plantilla automatizada en excel para aplicar el Test Lifo (Conducci\u00f3n y comunicaci\u00f3n laboral). Incluye test automatizado y gr\u00e1ficos.","og_url":"https:\/\/afbcompucenter.com\/blog\/producto\/test-lifo-conduccion-y-comunicacion-laboral-plantilla-en-excel-test-graficos\/","og_site_name":"AFB Solutions BLOG","article_publisher":"https:\/\/www.facebook.com\/AFBCompucenter","article_modified_time":"2022-05-19T00:18:43+00:00","og_image":[{"width":602,"height":465,"url":"https:\/\/afbcompucenter.com\/blog\/wp-content\/uploads\/2019\/04\/test-lifo-conduccion-y-comunicacion-laboral.png","path":"\/home\/luqkdwse\/public_html\/sitios\/afbcompucenter.com\/blog\/wp-content\/uploads\/2019\/04\/test-lifo-conduccion-y-comunicacion-laboral.png","size":"full","id":749,"alt":"","pixels":279930,"type":"image\/png"}],"twitter_card":"summary_large_image","twitter_site":"@afbcompucenter","schema":{"@context":"https:\/\/schema.org","@graph":[{"@type":"Organization","@id":"https:\/\/afbcompucenter.com\/blog\/#organization","name":"AFB Solutions","url":"https:\/\/afbcompucenter.com\/blog\/","sameAs":["https:\/\/www.facebook.com\/AFBCompucenter","https:\/\/www.instagram.com\/afbsolutions\/","https:\/\/www.linkedin.com\/company\/afbsolutions","https:\/\/twitter.com\/afbcompucenter"],"logo":{"@type":"ImageObject","@id":"https:\/\/afbcompucenter.com\/blog\/#logo","inLanguage":"es","url":"https:\/\/afbcompucenter.com\/blog\/wp-content\/uploads\/2025\/03\/afb-solutions-blog-R.png","contentUrl":"https:\/\/afbcompucenter.com\/blog\/wp-content\/uploads\/2025\/03\/afb-solutions-blog-R.png","width":544,"height":180,"caption":"AFB Solutions"},"image":{"@id":"https:\/\/afbcompucenter.com\/blog\/#logo"}},{"@type":"WebSite","@id":"https:\/\/afbcompucenter.com\/blog\/#website","url":"https:\/\/afbcompucenter.com\/blog\/","name":"AFB Solutions BLOG","description":"Haciendo que sus ideas viajen","publisher":{"@id":"https:\/\/afbcompucenter.com\/blog\/#organization"},"potentialAction":[{"@type":"SearchAction","target":{"@type":"EntryPoint","urlTemplate":"https:\/\/afbcompucenter.com\/blog\/?s={search_term_string}"},"query-input":"required name=search_term_string"}],"inLanguage":"es"},{"@type":"ImageObject","@id":"https:\/\/afbcompucenter.com\/blog\/producto\/test-lifo-conduccion-y-comunicacion-laboral-plantilla-en-excel-test-graficos\/#primaryimage","inLanguage":"es","url":"https:\/\/afbcompucenter.com\/blog\/wp-content\/uploads\/2019\/04\/test-lifo-conduccion-y-comunicacion-laboral.png","contentUrl":"https:\/\/afbcompucenter.com\/blog\/wp-content\/uploads\/2019\/04\/test-lifo-conduccion-y-comunicacion-laboral.png","width":602,"height":465},{"@type":"WebPage","@id":"https:\/\/afbcompucenter.com\/blog\/producto\/test-lifo-conduccion-y-comunicacion-laboral-plantilla-en-excel-test-graficos\/#webpage","url":"https:\/\/afbcompucenter.com\/blog\/producto\/test-lifo-conduccion-y-comunicacion-laboral-plantilla-en-excel-test-graficos\/","name":"Test Lifo (Conducci\u00f3n y comunicaci\u00f3n laboral) - Plantilla en excel (Test + gr\u00e1ficos) - AFB Solutions BLOG","isPartOf":{"@id":"https:\/\/afbcompucenter.com\/blog\/#website"},"primaryImageOfPage":{"@id":"https:\/\/afbcompucenter.com\/blog\/producto\/test-lifo-conduccion-y-comunicacion-laboral-plantilla-en-excel-test-graficos\/#primaryimage"},"datePublished":"2019-04-16T21:47:12+00:00","dateModified":"2022-05-19T00:18:43+00:00","breadcrumb":{"@id":"https:\/\/afbcompucenter.com\/blog\/producto\/test-lifo-conduccion-y-comunicacion-laboral-plantilla-en-excel-test-graficos\/#breadcrumb"},"inLanguage":"es","potentialAction":[{"@type":"ReadAction","target":["https:\/\/afbcompucenter.com\/blog\/producto\/test-lifo-conduccion-y-comunicacion-laboral-plantilla-en-excel-test-graficos\/"]}]},{"@type":"BreadcrumbList","@id":"https:\/\/afbcompucenter.com\/blog\/producto\/test-lifo-conduccion-y-comunicacion-laboral-plantilla-en-excel-test-graficos\/#breadcrumb","itemListElement":[{"@type":"ListItem","position":1,"name":"Portada","item":"https:\/\/afbcompucenter.com\/blog\/"},{"@type":"ListItem","position":2,"name":"Tienda","item":"https:\/\/afbcompucenter.com\/blog\/tienda\/"},{"@type":"ListItem","position":3,"name":"Test Lifo (Conducci\u00f3n y comunicaci\u00f3n laboral) &#8211; Plantilla en excel (Test + gr\u00e1ficos)"}]}]}},"_links":{"self":[{"href":"https:\/\/afbcompucenter.com\/blog\/wp-json\/wp\/v2\/product\/747"}],"collection":[{"href":"https:\/\/afbcompucenter.com\/blog\/wp-json\/wp\/v2\/product"}],"about":[{"href":"https:\/\/afbcompucenter.com\/blog\/wp-json\/wp\/v2\/types\/product"}],"replies":[{"embeddable":true,"href":"https:\/\/afbcompucenter.com\/blog\/wp-json\/wp\/v2\/comments?post=747"}],"wp:featuredmedia":[{"embeddable":true,"href":"https:\/\/afbcompucenter.com\/blog\/wp-json\/wp\/v2\/media\/749"}],"wp:attachment":[{"href":"https:\/\/afbcompucenter.com\/blog\/wp-json\/wp\/v2\/media?parent=747"}],"wp:term":[{"taxonomy":"product_cat","embeddable":true,"href":"https:\/\/afbcompucenter.com\/blog\/wp-json\/wp\/v2\/product_cat?post=747"},{"taxonomy":"product_tag","embeddable":true,"href":"https:\/\/afbcompucenter.com\/blog\/wp-json\/wp\/v2\/product_tag?post=747"}],"curies":[{"name":"wp","href":"https:\/\/api.w.org\/{rel}","templated":true}]}}