{"id":960,"date":"2020-08-25T22:52:08","date_gmt":"2020-08-25T22:52:08","guid":{"rendered":"http:\/\/afbcompucenter.com\/blog\/?post_type=product&#038;p=960"},"modified":"2021-12-26T23:34:27","modified_gmt":"2021-12-26T23:34:27","slug":"plantilla-para-evaluacion-de-desempeno","status":"publish","type":"product","link":"https:\/\/afbcompucenter.com\/blog\/producto\/plantilla-para-evaluacion-de-desempeno\/","title":{"rendered":"Plantilla para evaluaci\u00f3n de desempe\u00f1o"},"content":{"rendered":"<p>Plantilla automatizada en excel para evaluar el desempe\u00f1o de los colaboradores de una empresa.<\/p>\n","protected":false},"excerpt":{"rendered":"<p>Plantilla automatizada en excel para evaluar el desempe\u00f1o de los colaboradores de una empresa.<\/p>\n","protected":false},"featured_media":965,"comment_status":"open","ping_status":"closed","template":"","meta":{"spay_email":""},"product_cat":[114,92],"product_tag":[],"acf":[],"yoast_head":"<!-- This site is optimized with the Yoast SEO plugin v16.7 - https:\/\/yoast.com\/wordpress\/plugins\/seo\/ -->\n<meta name=\"robots\" content=\"index, follow, max-snippet:-1, max-image-preview:large, max-video-preview:-1\" \/>\n<link rel=\"canonical\" href=\"https:\/\/afbcompucenter.com\/blog\/producto\/plantilla-para-evaluacion-de-desempeno\/\" \/>\n<meta property=\"og:locale\" content=\"es_ES\" \/>\n<meta property=\"og:type\" content=\"article\" \/>\n<meta property=\"og:title\" content=\"Plantilla para evaluaci\u00f3n de desempe\u00f1o - AFB Solutions BLOG\" \/>\n<meta property=\"og:description\" content=\"Plantilla automatizada en excel para evaluar el desempe\u00f1o de los colaboradores de una empresa.\" \/>\n<meta property=\"og:url\" content=\"https:\/\/afbcompucenter.com\/blog\/producto\/plantilla-para-evaluacion-de-desempeno\/\" \/>\n<meta property=\"og:site_name\" content=\"AFB Solutions BLOG\" \/>\n<meta property=\"article:publisher\" content=\"https:\/\/www.facebook.com\/AFBCompucenter\" \/>\n<meta property=\"article:modified_time\" content=\"2021-12-26T23:34:27+00:00\" \/>\n<meta property=\"og:image\" content=\"https:\/\/afbcompucenter.com\/blog\/wp-content\/uploads\/2020\/08\/evaluacion-de-desempe\u00f1o.jpg\" \/>\n\t<meta property=\"og:image:width\" content=\"1920\" \/>\n\t<meta property=\"og:image:height\" content=\"1080\" \/>\n<meta name=\"twitter:card\" content=\"summary_large_image\" \/>\n<meta name=\"twitter:site\" content=\"@afbcompucenter\" \/>\n<script type=\"application\/ld+json\" class=\"yoast-schema-graph\">{\"@context\":\"https:\/\/schema.org\",\"@graph\":[{\"@type\":\"Organization\",\"@id\":\"https:\/\/afbcompucenter.com\/blog\/#organization\",\"name\":\"AFB Solutions\",\"url\":\"https:\/\/afbcompucenter.com\/blog\/\",\"sameAs\":[\"https:\/\/www.facebook.com\/AFBCompucenter\",\"https:\/\/www.instagram.com\/afbsolutions\/\",\"https:\/\/www.linkedin.com\/company\/afbsolutions\",\"https:\/\/twitter.com\/afbcompucenter\"],\"logo\":{\"@type\":\"ImageObject\",\"@id\":\"https:\/\/afbcompucenter.com\/blog\/#logo\",\"inLanguage\":\"es\",\"url\":\"https:\/\/afbcompucenter.com\/blog\/wp-content\/uploads\/2025\/03\/afb-solutions-blog-R.png\",\"contentUrl\":\"https:\/\/afbcompucenter.com\/blog\/wp-content\/uploads\/2025\/03\/afb-solutions-blog-R.png\",\"width\":544,\"height\":180,\"caption\":\"AFB Solutions\"},\"image\":{\"@id\":\"https:\/\/afbcompucenter.com\/blog\/#logo\"}},{\"@type\":\"WebSite\",\"@id\":\"https:\/\/afbcompucenter.com\/blog\/#website\",\"url\":\"https:\/\/afbcompucenter.com\/blog\/\",\"name\":\"AFB Solutions BLOG\",\"description\":\"Haciendo que sus ideas viajen\",\"publisher\":{\"@id\":\"https:\/\/afbcompucenter.com\/blog\/#organization\"},\"potentialAction\":[{\"@type\":\"SearchAction\",\"target\":{\"@type\":\"EntryPoint\",\"urlTemplate\":\"https:\/\/afbcompucenter.com\/blog\/?s={search_term_string}\"},\"query-input\":\"required name=search_term_string\"}],\"inLanguage\":\"es\"},{\"@type\":\"ImageObject\",\"@id\":\"https:\/\/afbcompucenter.com\/blog\/producto\/plantilla-para-evaluacion-de-desempeno\/#primaryimage\",\"inLanguage\":\"es\",\"url\":\"https:\/\/afbcompucenter.com\/blog\/wp-content\/uploads\/2020\/08\/evaluacion-de-desempe\\u00f1o.jpg\",\"contentUrl\":\"https:\/\/afbcompucenter.com\/blog\/wp-content\/uploads\/2020\/08\/evaluacion-de-desempe\\u00f1o.jpg\",\"width\":1920,\"height\":1080},{\"@type\":\"WebPage\",\"@id\":\"https:\/\/afbcompucenter.com\/blog\/producto\/plantilla-para-evaluacion-de-desempeno\/#webpage\",\"url\":\"https:\/\/afbcompucenter.com\/blog\/producto\/plantilla-para-evaluacion-de-desempeno\/\",\"name\":\"Plantilla para evaluaci\\u00f3n de desempe\\u00f1o - AFB Solutions BLOG\",\"isPartOf\":{\"@id\":\"https:\/\/afbcompucenter.com\/blog\/#website\"},\"primaryImageOfPage\":{\"@id\":\"https:\/\/afbcompucenter.com\/blog\/producto\/plantilla-para-evaluacion-de-desempeno\/#primaryimage\"},\"datePublished\":\"2020-08-25T22:52:08+00:00\",\"dateModified\":\"2021-12-26T23:34:27+00:00\",\"breadcrumb\":{\"@id\":\"https:\/\/afbcompucenter.com\/blog\/producto\/plantilla-para-evaluacion-de-desempeno\/#breadcrumb\"},\"inLanguage\":\"es\",\"potentialAction\":[{\"@type\":\"ReadAction\",\"target\":[\"https:\/\/afbcompucenter.com\/blog\/producto\/plantilla-para-evaluacion-de-desempeno\/\"]}]},{\"@type\":\"BreadcrumbList\",\"@id\":\"https:\/\/afbcompucenter.com\/blog\/producto\/plantilla-para-evaluacion-de-desempeno\/#breadcrumb\",\"itemListElement\":[{\"@type\":\"ListItem\",\"position\":1,\"name\":\"Portada\",\"item\":\"https:\/\/afbcompucenter.com\/blog\/\"},{\"@type\":\"ListItem\",\"position\":2,\"name\":\"Tienda\",\"item\":\"https:\/\/afbcompucenter.com\/blog\/tienda\/\"},{\"@type\":\"ListItem\",\"position\":3,\"name\":\"Plantilla para evaluaci\\u00f3n de desempe\\u00f1o\"}]}]}<\/script>\n<!-- \/ Yoast SEO plugin. -->","yoast_head_json":{"robots":{"index":"index","follow":"follow","max-snippet":"max-snippet:-1","max-image-preview":"max-image-preview:large","max-video-preview":"max-video-preview:-1"},"canonical":"https:\/\/afbcompucenter.com\/blog\/producto\/plantilla-para-evaluacion-de-desempeno\/","og_locale":"es_ES","og_type":"article","og_title":"Plantilla para evaluaci\u00f3n de desempe\u00f1o - AFB Solutions BLOG","og_description":"Plantilla automatizada en excel para evaluar el desempe\u00f1o de los colaboradores de una empresa.","og_url":"https:\/\/afbcompucenter.com\/blog\/producto\/plantilla-para-evaluacion-de-desempeno\/","og_site_name":"AFB Solutions BLOG","article_publisher":"https:\/\/www.facebook.com\/AFBCompucenter","article_modified_time":"2021-12-26T23:34:27+00:00","og_image":[{"width":1920,"height":1080,"url":"https:\/\/afbcompucenter.com\/blog\/wp-content\/uploads\/2020\/08\/evaluacion-de-desempe\u00f1o.jpg","path":"\/home\/luqkdwse\/public_html\/sitios\/afbcompucenter.com\/blog\/wp-content\/uploads\/2020\/08\/evaluacion-de-desempe\u00f1o.jpg","size":"full","id":965,"alt":"","pixels":2073600,"type":"image\/jpeg"}],"twitter_card":"summary_large_image","twitter_site":"@afbcompucenter","schema":{"@context":"https:\/\/schema.org","@graph":[{"@type":"Organization","@id":"https:\/\/afbcompucenter.com\/blog\/#organization","name":"AFB Solutions","url":"https:\/\/afbcompucenter.com\/blog\/","sameAs":["https:\/\/www.facebook.com\/AFBCompucenter","https:\/\/www.instagram.com\/afbsolutions\/","https:\/\/www.linkedin.com\/company\/afbsolutions","https:\/\/twitter.com\/afbcompucenter"],"logo":{"@type":"ImageObject","@id":"https:\/\/afbcompucenter.com\/blog\/#logo","inLanguage":"es","url":"https:\/\/afbcompucenter.com\/blog\/wp-content\/uploads\/2025\/03\/afb-solutions-blog-R.png","contentUrl":"https:\/\/afbcompucenter.com\/blog\/wp-content\/uploads\/2025\/03\/afb-solutions-blog-R.png","width":544,"height":180,"caption":"AFB Solutions"},"image":{"@id":"https:\/\/afbcompucenter.com\/blog\/#logo"}},{"@type":"WebSite","@id":"https:\/\/afbcompucenter.com\/blog\/#website","url":"https:\/\/afbcompucenter.com\/blog\/","name":"AFB Solutions BLOG","description":"Haciendo que sus ideas viajen","publisher":{"@id":"https:\/\/afbcompucenter.com\/blog\/#organization"},"potentialAction":[{"@type":"SearchAction","target":{"@type":"EntryPoint","urlTemplate":"https:\/\/afbcompucenter.com\/blog\/?s={search_term_string}"},"query-input":"required name=search_term_string"}],"inLanguage":"es"},{"@type":"ImageObject","@id":"https:\/\/afbcompucenter.com\/blog\/producto\/plantilla-para-evaluacion-de-desempeno\/#primaryimage","inLanguage":"es","url":"https:\/\/afbcompucenter.com\/blog\/wp-content\/uploads\/2020\/08\/evaluacion-de-desempe\u00f1o.jpg","contentUrl":"https:\/\/afbcompucenter.com\/blog\/wp-content\/uploads\/2020\/08\/evaluacion-de-desempe\u00f1o.jpg","width":1920,"height":1080},{"@type":"WebPage","@id":"https:\/\/afbcompucenter.com\/blog\/producto\/plantilla-para-evaluacion-de-desempeno\/#webpage","url":"https:\/\/afbcompucenter.com\/blog\/producto\/plantilla-para-evaluacion-de-desempeno\/","name":"Plantilla para evaluaci\u00f3n de desempe\u00f1o - AFB Solutions BLOG","isPartOf":{"@id":"https:\/\/afbcompucenter.com\/blog\/#website"},"primaryImageOfPage":{"@id":"https:\/\/afbcompucenter.com\/blog\/producto\/plantilla-para-evaluacion-de-desempeno\/#primaryimage"},"datePublished":"2020-08-25T22:52:08+00:00","dateModified":"2021-12-26T23:34:27+00:00","breadcrumb":{"@id":"https:\/\/afbcompucenter.com\/blog\/producto\/plantilla-para-evaluacion-de-desempeno\/#breadcrumb"},"inLanguage":"es","potentialAction":[{"@type":"ReadAction","target":["https:\/\/afbcompucenter.com\/blog\/producto\/plantilla-para-evaluacion-de-desempeno\/"]}]},{"@type":"BreadcrumbList","@id":"https:\/\/afbcompucenter.com\/blog\/producto\/plantilla-para-evaluacion-de-desempeno\/#breadcrumb","itemListElement":[{"@type":"ListItem","position":1,"name":"Portada","item":"https:\/\/afbcompucenter.com\/blog\/"},{"@type":"ListItem","position":2,"name":"Tienda","item":"https:\/\/afbcompucenter.com\/blog\/tienda\/"},{"@type":"ListItem","position":3,"name":"Plantilla para evaluaci\u00f3n de desempe\u00f1o"}]}]}},"_links":{"self":[{"href":"https:\/\/afbcompucenter.com\/blog\/wp-json\/wp\/v2\/product\/960"}],"collection":[{"href":"https:\/\/afbcompucenter.com\/blog\/wp-json\/wp\/v2\/product"}],"about":[{"href":"https:\/\/afbcompucenter.com\/blog\/wp-json\/wp\/v2\/types\/product"}],"replies":[{"embeddable":true,"href":"https:\/\/afbcompucenter.com\/blog\/wp-json\/wp\/v2\/comments?post=960"}],"wp:featuredmedia":[{"embeddable":true,"href":"https:\/\/afbcompucenter.com\/blog\/wp-json\/wp\/v2\/media\/965"}],"wp:attachment":[{"href":"https:\/\/afbcompucenter.com\/blog\/wp-json\/wp\/v2\/media?parent=960"}],"wp:term":[{"taxonomy":"product_cat","embeddable":true,"href":"https:\/\/afbcompucenter.com\/blog\/wp-json\/wp\/v2\/product_cat?post=960"},{"taxonomy":"product_tag","embeddable":true,"href":"https:\/\/afbcompucenter.com\/blog\/wp-json\/wp\/v2\/product_tag?post=960"}],"curies":[{"name":"wp","href":"https:\/\/api.w.org\/{rel}","templated":true}]}}